{"id":165,"date":"2024-06-18T16:41:34","date_gmt":"2024-06-18T20:41:34","guid":{"rendered":"https:\/\/www.americainterpretation.com\/?page_id=165"},"modified":"2024-08-07T11:03:01","modified_gmt":"2024-08-07T15:03:01","slug":"contact","status":"publish","type":"page","link":"https:\/\/www.americainterpretation.com\/fr\/contact\/","title":{"rendered":"Contact"},"content":{"rendered":"\n\n\t<h3><a href=\"tel: 1 866 318-8886\">1 866 318-8886<\/a><br \/>\n<a href=\"mailto:info@americainterpretation.com\">info@americainterpretation.com<\/a><\/h3>\n\t<p>Pour de plus amples renseignements, des questions ou des commentaires, n&rsquo;h\u00e9sitez pas \u00e0 communiquer avec nous par <strong>t\u00e9l\u00e9phone<\/strong>, par<strong> courriel<\/strong> ou en utilisant le<strong> formulaire<\/strong> ci-dessous pour nous fournir des d\u00e9tails sur votre \u00e9v\u00e9nement ou prendre un <strong>rendez-vous en ligne<\/strong>.<\/p>\n<h2>\n\t\tFORMULAIRE\n\t<\/h2>\n    <form id=\"wpforms-form-324\" data-formid=\"324\" method=\"post\" enctype=\"multipart\/form-data\" action=\"\/2024\/?page_id=165&#038;fl_builder\" data-token=\"770c0b48c5c5f2084b5944d0d90f777a\" data-token-time=\"1723042981\">Veuillez activer JavaScript dans votre navigateur pour remplir ce formulaire.Veuillez activer JavaScript dans votre navigateur pour remplir ce formulaire.<fieldset><legend>Nom *<\/legend><input type=\"text\" id=\"wpforms-324-field_1\" name=\"wpforms[fields][1][first]\" aria-errormessage=\"wpforms-324-field_1-error\" required\/><label for=\"wpforms-324-field_1\">Pr\u00e9nom<\/label><input type=\"text\" id=\"wpforms-324-field_1-last\" name=\"wpforms[fields][1][last]\" aria-errormessage=\"wpforms-324-field_1-last-error\" required\/><label for=\"wpforms-324-field_1-last\">Nom<\/label><\/fieldset><label for=\"wpforms-324-field_7\">T\u00e9l\u00e9phone *<\/label><input type=\"email\" id=\"wpforms-324-field_7\" name=\"wpforms[fields][7]\" spellcheck=\"false\" aria-errormessage=\"wpforms-324-field_7-error\" required\/><label for=\"wpforms-324-field_10\">Courriel *<\/label><input type=\"email\" id=\"wpforms-324-field_10\" name=\"wpforms[fields][10]\" spellcheck=\"false\" aria-errormessage=\"wpforms-324-field_10-error\" required\/><label for=\"wpforms-324-field_11\">Type d&rsquo;\u00e9v\u00e9nement  *<\/label><select id=\"wpforms-324-field_11\" name=\"wpforms[fields][11]\" required=\"required\"><option value=\"Pr\u00e9sentiel\">Pr\u00e9sentiel<\/option><option value=\"Virtuel\">Virtuel<\/option><option value=\"Hybride\">Hybride<\/option><\/select><label for=\"wpforms-324-field_13\">Parlez-nous de votre \u00e9v\u00e9nement (date, dur\u00e9e, nombre de personnes attendues, etc. )<\/label><textarea id=\"wpforms-324-field_13\" name=\"wpforms[fields][13]\" aria-errormessage=\"wpforms-324-field_13-error\"><\/textarea><fieldset><legend>D\u00e9sirez-vous bonifier notre service d&rsquo;interpr\u00e9tation avec l&rsquo;un des services suivants ? *<\/legend><ul id=\"wpforms-324-field_14\"><li><input type=\"checkbox\" id=\"wpforms-324-field_14_1\" name=\"wpforms[fields][14][]\" value=\"Coordination technique en ligne et sur place\" aria-errormessage=\"wpforms-324-field_14_1-error\" required\/><label for=\"wpforms-324-field_14_1\">Coordination technique en ligne et sur place<\/label><\/li><li><input type=\"checkbox\" id=\"wpforms-324-field_14_2\" name=\"wpforms[fields][14][]\" value=\"Plateformes en ligne\" aria-errormessage=\"wpforms-324-field_14_2-error\" required\/><label for=\"wpforms-324-field_14_2\">Plateformes en ligne<\/label><\/li><li><input type=\"checkbox\" id=\"wpforms-324-field_14_3\" name=\"wpforms[fields][14][]\" value=\"Installations techniques sur place\" aria-errormessage=\"wpforms-324-field_14_3-error\" required\/><label for=\"wpforms-324-field_14_3\">Installations techniques sur place<\/label><\/li><li><input type=\"checkbox\" id=\"wpforms-324-field_14_4\" name=\"wpforms[fields][14][]\" value=\"Appareils portatifs\" aria-errormessage=\"wpforms-324-field_14_4-error\" required\/><label for=\"wpforms-324-field_14_4\">Appareils portatifs<\/label><\/li><li><input type=\"checkbox\" id=\"wpforms-324-field_14_5\" name=\"wpforms[fields][14][]\" value=\"\u00c9quipements audiovisuels\" aria-errormessage=\"wpforms-324-field_14_5-error\" required\/><label for=\"wpforms-324-field_14_5\">\u00c9quipements audiovisuels<\/label><\/li><li><input type=\"checkbox\" id=\"wpforms-324-field_14_6\" name=\"wpforms[fields][14][]\" value=\"J'aimerais en discuter pour obtenir plus d'informations\" aria-errormessage=\"wpforms-324-field_14_6-error\" required\/><label for=\"wpforms-324-field_14_6\">J&rsquo;aimerais en discuter pour obtenir plus d&rsquo;informations<\/label><\/li><li><input type=\"checkbox\" id=\"wpforms-324-field_14_7\" name=\"wpforms[fields][14][]\" value=\"Non merci, j'ai besoin uniquement du service d'interpr\u00e9tation\" aria-errormessage=\"wpforms-324-field_14_7-error\" required\/><label for=\"wpforms-324-field_14_7\">Non merci, j&rsquo;ai besoin uniquement du service d&rsquo;interpr\u00e9tation<\/label><\/li><\/ul><\/fieldset><label for=\"wpforms-324-field_12\">Message<\/label><textarea id=\"wpforms-324-field_12\" name=\"wpforms[fields][12]\" aria-errormessage=\"wpforms-324-field_12-error\"><\/textarea><!-- .wpforms-field-container --><input type=\"hidden\" name=\"wpforms[id]\" value=\"324\"\/>\t\t\t<input type=\"hidden\"\n\t\t\t\tname=\"wpforms[nonce]\"\n\t\t\t\tvalue=\"0079ad39d3\"\n\t\t\t\/>\n\t\t\t<input type=\"hidden\" name=\"page_title\" value=\"Contact\"\/><input type=\"hidden\" name=\"page_url\" value=\"https:\/\/www.americainterpretation.com\/?page_id=165&#038;fl_builder\"\/><input type=\"hidden\" name=\"page_id\" value=\"165\"\/><input type=\"hidden\" name=\"wpforms[post_id]\" value=\"165\"\/><button type=\"submit\" name=\"wpforms[submit]\" id=\"wpforms-submit-324\" data-alt-text=\"Envoi en cours...\" data-submit-text=\"Soumettre\" aria-live=\"assertive\" value=\"wpforms-submit\">Soumettre<\/button><img loading=\"lazy\" decoding=\"async\" src=\"https:\/\/www.americainterpretation.com\/wp-content\/plugins\/wpforms-lite\/assets\/images\/submit-spin.svg\" width=\"26\" height=\"26\" alt=\"Chargement en cours\"\/><\/form>  <!-- .wpforms-container -->\n<h2>\n\t\tRENDEZ-VOUS EN LIGNE\n\t<\/h2>\n\t<div id=\"calendly-inline-widget\" class=\"calendly-inline-widget custom_form_style\" \n                    data-url=\"https:\/\/calendly.com\/ainterpretation\/30min\" data-redirection=\"\" \n                    style=\"height:1000px; min-width:400px\"><\/div>\n\n","protected":false},"excerpt":{"rendered":"<p>1 866 318-8886 info@americainterpretation.com Pour de plus amples renseignements, des questions ou des commentaires, n&rsquo;h\u00e9sitez pas \u00e0 communiquer avec nous par t\u00e9l\u00e9phone, par courriel ou en utilisant le formulaire ci-dessous pour nous fournir des d\u00e9tails sur votre \u00e9v\u00e9nement ou prendre un rendez-vous en ligne. FORMULAIRE Veuillez activer JavaScript dans votre navigateur pour remplir ce formulaire.Veuillez&hellip;<\/p>\n","protected":false},"author":1,"featured_media":0,"parent":0,"menu_order":0,"comment_status":"closed","ping_status":"closed","template":"","meta":{"_monsterinsights_skip_tracking":false,"_monsterinsights_sitenote_active":false,"_monsterinsights_sitenote_note":"","_monsterinsights_sitenote_category":0,"footnotes":""},"class_list":["post-165","page","type-page","status-publish","hentry"],"aioseo_notices":[],"_links":{"self":[{"href":"https:\/\/www.americainterpretation.com\/fr\/wp-json\/wp\/v2\/pages\/165","targetHints":{"allow":["GET"]}}],"collection":[{"href":"https:\/\/www.americainterpretation.com\/fr\/wp-json\/wp\/v2\/pages"}],"about":[{"href":"https:\/\/www.americainterpretation.com\/fr\/wp-json\/wp\/v2\/types\/page"}],"author":[{"embeddable":true,"href":"https:\/\/www.americainterpretation.com\/fr\/wp-json\/wp\/v2\/users\/1"}],"replies":[{"embeddable":true,"href":"https:\/\/www.americainterpretation.com\/fr\/wp-json\/wp\/v2\/comments?post=165"}],"version-history":[{"count":0,"href":"https:\/\/www.americainterpretation.com\/fr\/wp-json\/wp\/v2\/pages\/165\/revisions"}],"wp:attachment":[{"href":"https:\/\/www.americainterpretation.com\/fr\/wp-json\/wp\/v2\/media?parent=165"}],"curies":[{"name":"wp","href":"https:\/\/api.w.org\/{rel}","templated":true}]}}