{"id":161,"date":"2024-06-18T16:03:08","date_gmt":"2024-06-18T20:03:08","guid":{"rendered":"https:\/\/www.americainterpretation.com\/?page_id=161"},"modified":"2024-11-06T13:12:19","modified_gmt":"2024-11-06T18:12:19","slug":"a-propos","status":"publish","type":"page","link":"https:\/\/www.americainterpretation.com\/fr\/a-propos\/","title":{"rendered":"\u00c0 propos"},"content":{"rendered":"\n<h2>\n\t\tQui sommes-nous&nbsp;? \n\t<\/h2>\n\t<p>Depuis plus de 20 ans, notre cabinet <strong>America Interpretation<\/strong> a su se d\u00e9marquer d&rsquo;abord au <strong>Qu\u00e9bec<\/strong>, puis partout au<strong> Canada<\/strong> et aux<strong> \u00c9tats-Unis<\/strong>. Gr\u00e2ce \u00e0 notre exp\u00e9rience et notre grand bassin d&rsquo;interpr\u00e8tes de qualit\u00e9, nous pouvons r\u00e9pondre \u00e0 un vaste \u00e9ventail de demandes linguistiques.<\/p>\n<p>Afin de vous offrir la meilleure gamme de services multilingues de l&rsquo;industrie, nous vous proposons une offre compl\u00e8te compos\u00e9e de nombreux services connexes, comme le sous-titrage et la coordination technique.<\/p>\n\tUn <strong>partenaire<br \/>\nlinguistique<\/strong><br \/>\nde confiance\n<h2>\n\t\tPourquoi choisir <b>America Interpretation<\/b>?\n\t<\/h2>\n<h3>\n\t\texpertise\n\t<\/h3>\n\tNotre \u00e9quipe exp\u00e9riment\u00e9e<br \/>\nassure une ex\u00e9cution sans faille.\n<h3>\n\t\tServices complets\n\t<\/h3>\n\t<p>De la fourniture d&rsquo;\u00e9quipements \u00e0 la gestion compl\u00e8te de l&rsquo;\u00e9v\u00e9nement, nous couvrons tous les aspects.<\/p>\n<h3>\n\t\tPersonnalisation\n\t<\/h3>\n\tDes solutions adapt\u00e9es aux besoins<br \/>\nsp\u00e9cifiques de votre \u00e9v\u00e9nement.\n<h3>\n\t\tFiabilit\u00e9\n\t<\/h3>\n\tUn service constant<br \/>\net de haute qualit\u00e9.\n\t<p>Afin de ma\u00eetriser parfaitement le sujet trait\u00e9, nos professionnels certifi\u00e9s, exp\u00e9riment\u00e9s et hautement qualifi\u00e9s, consacrent tout le temps n\u00e9cessaire en amont de votre \u00e9v\u00e9nement. Nos interpr\u00e8tes sont experts dans divers domaines tels que le droit, les affaires, les sciences et la politique. Puisque l&rsquo;interpr\u00e9tation exige une sensibilit\u00e9 socioculturelle et politique, nos professionnels sont familiers avec les expressions contemporaines et les nuances culturelles des langues.<\/p>\n\t<p>Des<strong> interpr\u00e8tes<\/strong> sensibles aux nuances culturelles des langues<\/p>\n\t\t\t\t<img loading=\"lazy\" decoding=\"async\" src=\"https:\/\/www.americainterpretation.com\/wp-content\/uploads\/2024\/07\/conference-evenement-traduction.png\" alt=\"Traduction en plusieurs langues pour \u00e9v\u00e9nements et congr\u00e8s\" itemprop=\"image\" height=\"872\" width=\"800\" title=\"conference-evenement-traduction\" onerror=\"this.style.display='none'\"  \/>\n<h2>\n\t\tD\u00e9couvrez comment nous pouvons soutenir votre prochain \u00e9v\u00e9nement\n\t<\/h2>\n\t\t\t<a href=\"https:\/\/www.americainterpretation.com\/contact\" target=\"_self\" rel=\"noopener\">\n\t\t\t\t\t\t\tContactez-nous\n\t\t\t\t\t<\/a>\n\n","protected":false},"excerpt":{"rendered":"<p>Qui sommes-nous&nbsp;? Depuis plus de 20 ans, notre cabinet America Interpretation a su se d\u00e9marquer d&rsquo;abord au Qu\u00e9bec, puis partout au Canada et aux \u00c9tats-Unis. Gr\u00e2ce \u00e0 notre exp\u00e9rience et notre grand bassin d&rsquo;interpr\u00e8tes de qualit\u00e9, nous pouvons r\u00e9pondre \u00e0 un vaste \u00e9ventail de demandes linguistiques. Afin de vous offrir la meilleure gamme de services&hellip;<\/p>\n","protected":false},"author":1,"featured_media":0,"parent":0,"menu_order":0,"comment_status":"closed","ping_status":"closed","template":"","meta":{"_monsterinsights_skip_tracking":false,"_monsterinsights_sitenote_active":false,"_monsterinsights_sitenote_note":"","_monsterinsights_sitenote_category":0,"footnotes":""},"class_list":["post-161","page","type-page","status-publish","hentry"],"aioseo_notices":[],"_links":{"self":[{"href":"https:\/\/www.americainterpretation.com\/fr\/wp-json\/wp\/v2\/pages\/161","targetHints":{"allow":["GET"]}}],"collection":[{"href":"https:\/\/www.americainterpretation.com\/fr\/wp-json\/wp\/v2\/pages"}],"about":[{"href":"https:\/\/www.americainterpretation.com\/fr\/wp-json\/wp\/v2\/types\/page"}],"author":[{"embeddable":true,"href":"https:\/\/www.americainterpretation.com\/fr\/wp-json\/wp\/v2\/users\/1"}],"replies":[{"embeddable":true,"href":"https:\/\/www.americainterpretation.com\/fr\/wp-json\/wp\/v2\/comments?post=161"}],"version-history":[{"count":0,"href":"https:\/\/www.americainterpretation.com\/fr\/wp-json\/wp\/v2\/pages\/161\/revisions"}],"wp:attachment":[{"href":"https:\/\/www.americainterpretation.com\/fr\/wp-json\/wp\/v2\/media?parent=161"}],"curies":[{"name":"wp","href":"https:\/\/api.w.org\/{rel}","templated":true}]}}