{"id":14,"date":"2024-06-18T10:20:38","date_gmt":"2024-06-18T14:20:38","guid":{"rendered":"https:\/\/www.americainterpretation.com\/?page_id=14"},"modified":"2024-10-10T08:26:13","modified_gmt":"2024-10-10T12:26:13","slug":"accueil","status":"publish","type":"page","link":"https:\/\/www.americainterpretation.com\/fr\/","title":{"rendered":"Accueil"},"content":{"rendered":"\n\n\t\t\t\t<img loading=\"lazy\" decoding=\"async\" src=\"https:\/\/www.americainterpretation.com\/wp-content\/uploads\/2024\/07\/america-entreprise-canadienne.png\" alt=\"America interpr\u00e9tation entreprise canadienne\" itemprop=\"image\" height=\"823\" width=\"800\" title=\"america-entreprise-canadienne\" onerror=\"this.style.display='none'\"  \/>\n<h2>\n\t\tNos Services\n\t<\/h2>\n<h3>\n\t\t\u00c9v\u00e9nements<br \/>en Pr\u00e9sentiels\n\t<\/h3>\n\t<p>Nous fournissons tout l&rsquo;\u00e9quipement audiovisuel et d&rsquo;interpr\u00e9tation n\u00e9cessaire, y compris les cabines d&rsquo;insonorisation et les r\u00e9cepteurs pour les participants.<\/p>\n<h3>\n\t\t\u00c9v\u00e9nements<br \/>Hybrides\n\t<\/h3>\n\t<p>Nous offrons des cam\u00e9ras, des microphones et g\u00e9rons la plateforme en ligne pour soutenir techniquement les participants \u00e0 distance.<\/p>\n<h3>\n\t\t\u00c9v\u00e9nements<br \/>en ligne\n\t<\/h3>\n\t<p>Nous prenons en charge tous les aspects techniques et l&rsquo;interpr\u00e9tation pour que vous puissiez vous concentrer sur votre contenu.<\/p>\n\t\t\t<a href=\"https:\/\/www.americainterpretation.com\/services\/\" target=\"_self\" rel=\"noopener\">\n\t\t\t\t\t\t\tVoir tous nos services\n\t\t\t\t\t<\/a>\n<h2>\n\t\tNos partenaires\n\t<\/h2>\n\t<p>Quelques partenaires avec lesquels nous avons collabor\u00e9 au fil des ann\u00e9es<\/p>\n\t\t\t\t\t\t<figure>\n\t\t\t\t\t\t\t<img loading=\"lazy\" decoding=\"async\" src=\"https:\/\/www.americainterpretation.com\/wp-content\/uploads\/2024\/06\/logo-industrie-canada.png\" alt=\"Industrie Canada\" width=\"107\" height=\"42\" \/>\n\t\t\t\t\t\t\t\t\t\t\t\t\t<\/figure>\n\t\t\t\t\t\t<figure>\n\t\t\t\t\t\t\t<img loading=\"lazy\" decoding=\"async\" src=\"https:\/\/www.americainterpretation.com\/wp-content\/uploads\/2024\/06\/logo-parc-canada.png\" alt=\"Parcs Canada\" width=\"118\" height=\"56\" \/>\n\t\t\t\t\t\t\t\t\t\t\t\t\t<\/figure>\n\t\t\t\t\t\t<figure>\n\t\t\t\t\t\t\t<img loading=\"lazy\" decoding=\"async\" src=\"https:\/\/www.americainterpretation.com\/wp-content\/uploads\/2024\/06\/logo-relation-internationales.png\" alt=\"Relations internationales et Francophonie\" width=\"129\" height=\"44\" \/>\n\t\t\t\t\t\t\t\t\t\t\t\t\t<\/figure>\n\t\t\t\t\t\t<figure>\n\t\t\t\t\t\t\t<img loading=\"lazy\" decoding=\"async\" src=\"https:\/\/www.americainterpretation.com\/wp-content\/uploads\/2024\/06\/logo-desjardin-assurance.png\" alt=\"Desjardins Assurance\" width=\"137\" height=\"39\" \/>\n\t\t\t\t\t\t\t\t\t\t\t\t\t<\/figure>\n\t\t\t\t\t\t<figure>\n\t\t\t\t\t\t\t<img loading=\"lazy\" decoding=\"async\" src=\"https:\/\/www.americainterpretation.com\/wp-content\/uploads\/2024\/06\/logo-iondustriel-alliance.png\" alt=\"Industriel Alliance Groupe financier\" width=\"97\" height=\"51\" \/>\n\t\t\t\t\t\t\t\t\t\t\t\t\t<\/figure>\n\t\t\t\t\t\t<figure>\n\t\t\t\t\t\t\t<img loading=\"lazy\" decoding=\"async\" src=\"https:\/\/www.americainterpretation.com\/wp-content\/uploads\/2024\/06\/logo-universite-laval.png\" alt=\"Universit\u00e9 Laval\" width=\"116\" height=\"48\" \/>\n\t\t\t\t\t\t\t\t\t\t\t\t\t<\/figure>\n\t\t\t\t\t\t<figure>\n\t\t\t\t\t\t\t<img loading=\"lazy\" decoding=\"async\" src=\"https:\/\/www.americainterpretation.com\/wp-content\/uploads\/2024\/06\/logo-john-deere.png\" alt=\"John Deere\" width=\"94\" height=\"62\" \/>\n\t\t\t\t\t\t\t\t\t\t\t\t\t<\/figure>\n\t\t\t\t\t\t<figure>\n\t\t\t\t\t\t\t<img loading=\"lazy\" decoding=\"async\" src=\"https:\/\/www.americainterpretation.com\/wp-content\/uploads\/2024\/06\/logo-canam.png\" alt=\"Groupe Canam\" width=\"144\" height=\"37\" \/>\n\t\t\t\t\t\t\t\t\t\t\t\t\t<\/figure>\n\t\t\t\t\t\t<figure>\n\t\t\t\t\t\t\t<img loading=\"lazy\" decoding=\"async\" src=\"https:\/\/www.americainterpretation.com\/wp-content\/uploads\/2024\/06\/logo-eleveur-de-porcs.png\" alt=\"Les \u00e9leveurs de Porcs du Qu\u00e9bec\" width=\"126\" height=\"50\" \/>\n\t\t\t\t\t\t\t\t\t\t\t\t\t<\/figure>\n\t\t\t\t\t\t<figure>\n\t\t\t\t\t\t\t<img loading=\"lazy\" decoding=\"async\" src=\"https:\/\/www.americainterpretation.com\/wp-content\/uploads\/2024\/06\/logo-upa.png\" alt=\"Union des producteurs agricoles\" width=\"128\" height=\"47\" \/>\n\t\t\t\t\t\t\t\t\t\t\t\t\t<\/figure>\n\t\t\t\t\t\t<figure>\n\t\t\t\t\t\t\t<img loading=\"lazy\" decoding=\"async\" src=\"https:\/\/www.americainterpretation.com\/wp-content\/uploads\/2024\/06\/logo-valero.png\" alt=\"Valero\" width=\"86\" height=\"61\" \/>\n\t\t\t\t\t\t\t\t\t\t\t\t\t<\/figure>\n\t\t\t\t\t\t\t\t\t\t\t<!-- pagination -->\n\t\t\t<img decoding=\"async\" src=\"https:\/\/www.americainterpretation.com\/wp-content\/uploads\/2024\/06\/unesco-logo.png\" alt=\"Unesco\" \/>\n\t\t\t\t\t\t\t<p>The interpreters were so accommodating [&#8230;] <br \/>The participants noted that the translation was great quality.<\/p>\n\t\t\t\t\t\t\t\t\t<p>Zoe Compton<\/p>\n\t\t\t\t\t\t\t\t\t\t\t\t\t<p>Programme Officer, UNESCO <\/p>\n\t\t\t<img decoding=\"async\" src=\"https:\/\/www.americainterpretation.com\/wp-content\/uploads\/2024\/06\/commission-sante-mentale.png\" alt=\"Commission de la sant\u00e9 mentale du Canada\" \/>\n\t\t\t\t\t\t\t<p>I just wanted to extend sincere thanks to you and your team for another great webinar and for helping us close us the series on a high note! The whole experience was such a pleasure for us.<\/p>\n\t\t\t\t\t\t\t\t\t<p>Lynette Schick<\/p>\n\t\t\t\t\t\t\t\t\t\t\t\t\t<p>Research and Policy Analyst Commission de la sant\u00e9 mentale du Canada<\/p>\n\t\t\t<img decoding=\"async\" src=\"https:\/\/www.americainterpretation.com\/wp-content\/uploads\/2024\/06\/ElectionQuebec_Noir.png\" alt=\"\u00c9lections Qu\u00e9bec\" \/>\n\t\t\t\t\t\t\t<p>Les membres de l&rsquo;\u00e9quipe ont constat\u00e9 le professionnalisme des traducteurs, <br \/>ce qui a facilit\u00e9 le bon d\u00e9roulement de l&rsquo;\u00e9v\u00e9nement.<\/p>\n\t\t\t\t\t\t\t\t\t<p>Patrik Gilbert<\/p>\n\t\t\t\t\t\t\t\t\t\t\t\t\t<p>Directeur du Service de la recherche, de la planification et de la coop\u00e9ration internationale, \u00c9lections Qu\u00e9bec <\/p>\n\t\t\t\t<!-- \/.pp-testimonials -->\n\n","protected":false},"excerpt":{"rendered":"<p>Nos Services \u00c9v\u00e9nementsen Pr\u00e9sentiels Nous fournissons tout l&rsquo;\u00e9quipement audiovisuel et d&rsquo;interpr\u00e9tation n\u00e9cessaire, y compris les cabines d&rsquo;insonorisation et les r\u00e9cepteurs pour les participants. \u00c9v\u00e9nementsHybrides Nous offrons des cam\u00e9ras, des microphones et g\u00e9rons la plateforme en ligne pour soutenir techniquement les participants \u00e0 distance. \u00c9v\u00e9nementsen ligne Nous prenons en charge tous les aspects techniques et l&rsquo;interpr\u00e9tation&hellip;<\/p>\n","protected":false},"author":1,"featured_media":189,"parent":0,"menu_order":0,"comment_status":"closed","ping_status":"closed","template":"","meta":{"_monsterinsights_skip_tracking":false,"_monsterinsights_sitenote_active":false,"_monsterinsights_sitenote_note":"","_monsterinsights_sitenote_category":0,"footnotes":""},"class_list":["post-14","page","type-page","status-publish","has-post-thumbnail","hentry"],"aioseo_notices":[],"_links":{"self":[{"href":"https:\/\/www.americainterpretation.com\/fr\/wp-json\/wp\/v2\/pages\/14","targetHints":{"allow":["GET"]}}],"collection":[{"href":"https:\/\/www.americainterpretation.com\/fr\/wp-json\/wp\/v2\/pages"}],"about":[{"href":"https:\/\/www.americainterpretation.com\/fr\/wp-json\/wp\/v2\/types\/page"}],"author":[{"embeddable":true,"href":"https:\/\/www.americainterpretation.com\/fr\/wp-json\/wp\/v2\/users\/1"}],"replies":[{"embeddable":true,"href":"https:\/\/www.americainterpretation.com\/fr\/wp-json\/wp\/v2\/comments?post=14"}],"version-history":[{"count":0,"href":"https:\/\/www.americainterpretation.com\/fr\/wp-json\/wp\/v2\/pages\/14\/revisions"}],"wp:featuredmedia":[{"embeddable":true,"href":"https:\/\/www.americainterpretation.com\/fr\/wp-json\/wp\/v2\/media\/189"}],"wp:attachment":[{"href":"https:\/\/www.americainterpretation.com\/fr\/wp-json\/wp\/v2\/media?parent=14"}],"curies":[{"name":"wp","href":"https:\/\/api.w.org\/{rel}","templated":true}]}}